{"id":321,"date":"2021-03-18T15:28:46","date_gmt":"2021-03-18T14:28:46","guid":{"rendered":"http:\/\/51.83.132.88\/?page_id=321"},"modified":"2021-03-18T15:29:24","modified_gmt":"2021-03-18T14:29:24","slug":"wspolnoty-zakonne","status":"publish","type":"page","link":"https:\/\/parafiadrohiczyn.pl\/index.php\/o-parafii\/wspolnoty-zakonne\/","title":{"rendered":"Wsp\u00f3lnoty zakonne"},"content":{"rendered":"\n<p><strong>Zgromadzenie Si\u00f3str Benedyktynek<\/strong><br>W parafii w latach 1623-1864 oraz od 1957 roku<strong><br>Adres:<\/strong><br>ul. Benedykty\u0144ska 6<br>17-312 Drohiczyn;<br>tel. 85\/655 71 53<\/p>\n\n\n\n<p><strong>Zgromadzenie C\u00f3rek Najczystszego Serca NMP<\/strong><br>W parafii od 1951 roku<br><strong>Adres:<\/strong><br>ul. Ko\u015bcielna 10<br>17-312 Drohiczyn<br>tel. 85\/655 77 45<\/p>\n\n\n\n<p>ul. Kotlarska 9<br>17-312 Drohiczyn<br>tel. 85\/655 72 53<\/p>\n\n\n\n<p><strong>Zgromadzenie Si\u00f3str Matki Bo\u017cej Loreta\u0144skiej<\/strong><br>W parafii od 19 sierpnia 2003 roku<br><strong>Adres:<\/strong><br>ul. Kraszewskiego 4<br>17-312 Drohiczyn;<br>tel. 85\/656 57 80<br>e-mail:&nbsp;<a href=\"mailto:loretankidrohiczyn@op.pl\">loretankidrohiczyn@op.pl<\/a><\/p>\n","protected":false},"excerpt":{"rendered":"<p>Zgromadzenie Si\u00f3str BenedyktynekW parafii w latach 1623-1864 oraz od 1957 rokuAdres:ul. Benedykty\u0144ska 617-312 Drohiczyn;tel. 85\/655 71 53 Zgromadzenie C\u00f3rek Najczystszego Serca NMPW parafii od 1951 rokuAdres:ul. Ko\u015bcielna 1017-312 Drohiczyntel. 85\/655 77 45 ul. Kotlarska 917-312 Drohiczyntel. 85\/655 72 53 Zgromadzenie Si\u00f3str Matki Bo\u017cej Loreta\u0144skiejW parafii od 19 sierpnia 2003 rokuAdres:ul. Kraszewskiego 417-312 Drohiczyn;tel. 85\/656 57 [&hellip;]<\/p>\n","protected":false},"author":1,"featured_media":0,"parent":2,"menu_order":0,"comment_status":"closed","ping_status":"closed","template":"","meta":{"footnotes":""},"class_list":["post-321","page","type-page","status-publish","hentry"],"_links":{"self":[{"href":"https:\/\/parafiadrohiczyn.pl\/index.php\/wp-json\/wp\/v2\/pages\/321","targetHints":{"allow":["GET"]}}],"collection":[{"href":"https:\/\/parafiadrohiczyn.pl\/index.php\/wp-json\/wp\/v2\/pages"}],"about":[{"href":"https:\/\/parafiadrohiczyn.pl\/index.php\/wp-json\/wp\/v2\/types\/page"}],"author":[{"embeddable":true,"href":"https:\/\/parafiadrohiczyn.pl\/index.php\/wp-json\/wp\/v2\/users\/1"}],"replies":[{"embeddable":true,"href":"https:\/\/parafiadrohiczyn.pl\/index.php\/wp-json\/wp\/v2\/comments?post=321"}],"version-history":[{"count":1,"href":"https:\/\/parafiadrohiczyn.pl\/index.php\/wp-json\/wp\/v2\/pages\/321\/revisions"}],"predecessor-version":[{"id":323,"href":"https:\/\/parafiadrohiczyn.pl\/index.php\/wp-json\/wp\/v2\/pages\/321\/revisions\/323"}],"up":[{"embeddable":true,"href":"https:\/\/parafiadrohiczyn.pl\/index.php\/wp-json\/wp\/v2\/pages\/2"}],"wp:attachment":[{"href":"https:\/\/parafiadrohiczyn.pl\/index.php\/wp-json\/wp\/v2\/media?parent=321"}],"curies":[{"name":"wp","href":"https:\/\/api.w.org\/{rel}","templated":true}]}}