{"id":230,"date":"2021-03-17T22:44:57","date_gmt":"2021-03-17T21:44:57","guid":{"rendered":"http:\/\/51.83.132.88\/?page_id=230"},"modified":"2024-05-24T11:00:11","modified_gmt":"2024-05-24T09:00:11","slug":"test-sg","status":"publish","type":"page","link":"https:\/\/parafiadrohiczyn.pl\/","title":{"rendered":"Witamy na Stronie Parafii"},"content":{"rendered":"\n<div class=\"wp-block-columns is-layout-flex wp-container-core-columns-is-layout-9d6595d7 wp-block-columns-is-layout-flex\">\n<div class=\"wp-block-column is-layout-flow wp-block-column-is-layout-flow\">\n<div class=\"wp-block-columns is-layout-flex wp-container-core-columns-is-layout-9d6595d7 wp-block-columns-is-layout-flex\">\n<div class=\"wp-block-column is-layout-flow wp-block-column-is-layout-flow\" style=\"flex-basis:50%\">\n<div class=\"display-posts-listing hp\"><div class=\"listing-item\"><a class=\"image\" href=\"https:\/\/parafiadrohiczyn.pl\/index.php\/2026\/03\/29\/niedziela-palmowa-2026\/\"><img loading=\"lazy\" decoding=\"async\" width=\"300\" height=\"300\" src=\"https:\/\/parafiadrohiczyn.pl\/wp-content\/uploads\/2021\/03\/34755247_2212006538816992_8989540118746365952_o-300x300.jpg\" class=\"attachment-medium size-medium wp-post-image\" alt=\"\" srcset=\"https:\/\/parafiadrohiczyn.pl\/wp-content\/uploads\/2021\/03\/34755247_2212006538816992_8989540118746365952_o-300x300.jpg 300w, https:\/\/parafiadrohiczyn.pl\/wp-content\/uploads\/2021\/03\/34755247_2212006538816992_8989540118746365952_o-1024x1024.jpg 1024w, https:\/\/parafiadrohiczyn.pl\/wp-content\/uploads\/2021\/03\/34755247_2212006538816992_8989540118746365952_o-150x150.jpg 150w, https:\/\/parafiadrohiczyn.pl\/wp-content\/uploads\/2021\/03\/34755247_2212006538816992_8989540118746365952_o-768x768.jpg 768w, https:\/\/parafiadrohiczyn.pl\/wp-content\/uploads\/2021\/03\/34755247_2212006538816992_8989540118746365952_o-1536x1536.jpg 1536w, https:\/\/parafiadrohiczyn.pl\/wp-content\/uploads\/2021\/03\/34755247_2212006538816992_8989540118746365952_o-624x624.jpg 624w, https:\/\/parafiadrohiczyn.pl\/wp-content\/uploads\/2021\/03\/34755247_2212006538816992_8989540118746365952_o.jpg 1638w\" sizes=\"auto, (max-width: 300px) 100vw, 300px\" \/><\/a> <a class=\"title\" href=\"https:\/\/parafiadrohiczyn.pl\/index.php\/2026\/03\/29\/niedziela-palmowa-2026\/\">NIEDZIELA PALMOWA 2026<\/a> <span class=\"date\">29 marca, 2026<\/span> <span class=\"excerpt-dash\">-<\/span> <span class=\"excerpt\">Dzisiejsz\u0105 tac\u0119 przeznaczamy na kwiaty do Grobu Pa\u0144skiego i dekoracj\u0119 \u015bwi\u0105teczn\u0105. Po Mszach \u015bw. tradycyjnie Akcja Katolicka rozprowadza \u201ebaranki wielkanocne\u201d&hellip; <span class=\"excerpt-more\"><\/span><\/span><\/div><div class=\"listing-item\"><a class=\"image\" href=\"https:\/\/parafiadrohiczyn.pl\/index.php\/2026\/03\/22\/5-niedziela-wielkiego-postu-6\/\"><img loading=\"lazy\" decoding=\"async\" width=\"300\" height=\"300\" src=\"https:\/\/parafiadrohiczyn.pl\/wp-content\/uploads\/2021\/03\/34755247_2212006538816992_8989540118746365952_o-300x300.jpg\" class=\"attachment-medium size-medium wp-post-image\" alt=\"\" srcset=\"https:\/\/parafiadrohiczyn.pl\/wp-content\/uploads\/2021\/03\/34755247_2212006538816992_8989540118746365952_o-300x300.jpg 300w, https:\/\/parafiadrohiczyn.pl\/wp-content\/uploads\/2021\/03\/34755247_2212006538816992_8989540118746365952_o-1024x1024.jpg 1024w, https:\/\/parafiadrohiczyn.pl\/wp-content\/uploads\/2021\/03\/34755247_2212006538816992_8989540118746365952_o-150x150.jpg 150w, https:\/\/parafiadrohiczyn.pl\/wp-content\/uploads\/2021\/03\/34755247_2212006538816992_8989540118746365952_o-768x768.jpg 768w, https:\/\/parafiadrohiczyn.pl\/wp-content\/uploads\/2021\/03\/34755247_2212006538816992_8989540118746365952_o-1536x1536.jpg 1536w, https:\/\/parafiadrohiczyn.pl\/wp-content\/uploads\/2021\/03\/34755247_2212006538816992_8989540118746365952_o-624x624.jpg 624w, https:\/\/parafiadrohiczyn.pl\/wp-content\/uploads\/2021\/03\/34755247_2212006538816992_8989540118746365952_o.jpg 1638w\" sizes=\"auto, (max-width: 300px) 100vw, 300px\" \/><\/a> <a class=\"title\" href=\"https:\/\/parafiadrohiczyn.pl\/index.php\/2026\/03\/22\/5-niedziela-wielkiego-postu-6\/\">5 Niedziela Wielkiego Postu<\/a> <span class=\"date\">22 marca, 2026<\/span> <span class=\"excerpt-dash\">-<\/span> <span class=\"excerpt\">Rozpoczynamy nasze rekolekcje wielkopostne, kt\u00f3re poprowadzi ks. Zdzis\u0142aw Jancewicz,\u00a0 proboszcz parafii \u015aledzian\u00f3w. Porz\u0105dek rekolekcji w poniedzia\u0142ek i wtorek: o godz.&hellip; <span class=\"excerpt-more\"><\/span><\/span><\/div><div class=\"listing-item\"><a class=\"image\" href=\"https:\/\/parafiadrohiczyn.pl\/index.php\/2026\/03\/16\/intencje-mszalne-16-22-03-2026-r\/\"><img loading=\"lazy\" decoding=\"async\" width=\"300\" height=\"300\" src=\"https:\/\/parafiadrohiczyn.pl\/wp-content\/uploads\/2021\/03\/32972184_2183948951622751_50933287018823680_o-300x300.jpg\" class=\"attachment-medium size-medium wp-post-image\" alt=\"\" srcset=\"https:\/\/parafiadrohiczyn.pl\/wp-content\/uploads\/2021\/03\/32972184_2183948951622751_50933287018823680_o-300x300.jpg 300w, https:\/\/parafiadrohiczyn.pl\/wp-content\/uploads\/2021\/03\/32972184_2183948951622751_50933287018823680_o-1024x1024.jpg 1024w, https:\/\/parafiadrohiczyn.pl\/wp-content\/uploads\/2021\/03\/32972184_2183948951622751_50933287018823680_o-150x150.jpg 150w, https:\/\/parafiadrohiczyn.pl\/wp-content\/uploads\/2021\/03\/32972184_2183948951622751_50933287018823680_o-768x768.jpg 768w, https:\/\/parafiadrohiczyn.pl\/wp-content\/uploads\/2021\/03\/32972184_2183948951622751_50933287018823680_o-624x624.jpg 624w, https:\/\/parafiadrohiczyn.pl\/wp-content\/uploads\/2021\/03\/32972184_2183948951622751_50933287018823680_o.jpg 1375w\" sizes=\"auto, (max-width: 300px) 100vw, 300px\" \/><\/a> <a class=\"title\" href=\"https:\/\/parafiadrohiczyn.pl\/index.php\/2026\/03\/16\/intencje-mszalne-16-22-03-2026-r\/\">Intencje mszalne 16-22.03.2026 r.<\/a> <span class=\"date\">16 marca, 2026<\/span> <span class=\"excerpt-dash\">-<\/span> <span class=\"excerpt\">DZIE\u0143 GODZINA INTENCJE Poniedzia\u0142ek 16 marcagodz. 7.00 k. pofranciszka\u0144ski 1\/ za + Wand\u0119 Maksymiak greg \u2013 ks. Marian2\/ za +&hellip; <span class=\"excerpt-more\"><\/span><\/span><\/div><div class=\"listing-item\"><a class=\"image\" href=\"https:\/\/parafiadrohiczyn.pl\/index.php\/2026\/03\/15\/4-niedziela-wielkiego-postu-5\/\"><img loading=\"lazy\" decoding=\"async\" width=\"300\" height=\"300\" src=\"https:\/\/parafiadrohiczyn.pl\/wp-content\/uploads\/2021\/03\/34755247_2212006538816992_8989540118746365952_o-300x300.jpg\" class=\"attachment-medium size-medium wp-post-image\" alt=\"\" srcset=\"https:\/\/parafiadrohiczyn.pl\/wp-content\/uploads\/2021\/03\/34755247_2212006538816992_8989540118746365952_o-300x300.jpg 300w, https:\/\/parafiadrohiczyn.pl\/wp-content\/uploads\/2021\/03\/34755247_2212006538816992_8989540118746365952_o-1024x1024.jpg 1024w, https:\/\/parafiadrohiczyn.pl\/wp-content\/uploads\/2021\/03\/34755247_2212006538816992_8989540118746365952_o-150x150.jpg 150w, https:\/\/parafiadrohiczyn.pl\/wp-content\/uploads\/2021\/03\/34755247_2212006538816992_8989540118746365952_o-768x768.jpg 768w, https:\/\/parafiadrohiczyn.pl\/wp-content\/uploads\/2021\/03\/34755247_2212006538816992_8989540118746365952_o-1536x1536.jpg 1536w, https:\/\/parafiadrohiczyn.pl\/wp-content\/uploads\/2021\/03\/34755247_2212006538816992_8989540118746365952_o-624x624.jpg 624w, https:\/\/parafiadrohiczyn.pl\/wp-content\/uploads\/2021\/03\/34755247_2212006538816992_8989540118746365952_o.jpg 1638w\" sizes=\"auto, (max-width: 300px) 100vw, 300px\" \/><\/a> <a class=\"title\" href=\"https:\/\/parafiadrohiczyn.pl\/index.php\/2026\/03\/15\/4-niedziela-wielkiego-postu-5\/\">4 Niedziela Wielkiego Postu<\/a> <span class=\"date\">15 marca, 2026<\/span> <span class=\"excerpt-dash\">-<\/span> <span class=\"excerpt\">Miejsko Gminny O\u015brodek Kultury w Drohiczynie i nasza parafia organizuj\u0105 Przegl\u0105d Pie\u015bni Wielkopostnych i Pasyjnych, kt\u00f3ry odb\u0119dzie si\u0119 w przysz\u0142\u0105&hellip; <span class=\"excerpt-more\"><\/span><\/span><\/div><div class=\"listing-item\"><a class=\"image\" href=\"https:\/\/parafiadrohiczyn.pl\/index.php\/2026\/02\/17\/pielgrzymka-do-grecji\/\"><img loading=\"lazy\" decoding=\"async\" width=\"300\" height=\"230\" src=\"https:\/\/parafiadrohiczyn.pl\/wp-content\/uploads\/2026\/02\/Screenshot-2026-02-17-at-22.20.41-300x230.jpg\" class=\"attachment-medium size-medium wp-post-image\" alt=\"\" srcset=\"https:\/\/parafiadrohiczyn.pl\/wp-content\/uploads\/2026\/02\/Screenshot-2026-02-17-at-22.20.41-300x230.jpg 300w, https:\/\/parafiadrohiczyn.pl\/wp-content\/uploads\/2026\/02\/Screenshot-2026-02-17-at-22.20.41.jpg 392w\" sizes=\"auto, (max-width: 300px) 100vw, 300px\" \/><\/a> <a class=\"title\" href=\"https:\/\/parafiadrohiczyn.pl\/index.php\/2026\/02\/17\/pielgrzymka-do-grecji\/\">PIELGRZYMKA DO GRECJI<\/a> <span class=\"date\">17 lutego, 2026<\/span> <span class=\"excerpt-dash\">-<\/span> <span class=\"excerpt\">BUDAPESZT \u00b7 BELGRAD \u00b7 SALONIKI \u00b7 AMFIPOLIS \u00b7 FILIPPI \u00b7 KAVALLA \u00b7 WERIA \u00b7 KALAMBAKA \u00b7 DELFY \u00b7 OSSIOS LOUKAS&hellip; <span class=\"excerpt-more\"><\/span><\/span><\/div><\/div>\n<\/div>\n\n\n\n<div class=\"wp-block-column is-layout-flow wp-block-column-is-layout-flow\" style=\"flex-basis:50%\">\n<div class=\"display-posts-listing hp\"><div class=\"listing-item\"><a class=\"image\" href=\"https:\/\/parafiadrohiczyn.pl\/index.php\/2026\/02\/17\/intencje-mszalne-16-22-02-2026-r\/\"><img loading=\"lazy\" decoding=\"async\" width=\"300\" height=\"300\" src=\"https:\/\/parafiadrohiczyn.pl\/wp-content\/uploads\/2021\/03\/32972184_2183948951622751_50933287018823680_o-300x300.jpg\" class=\"attachment-medium size-medium wp-post-image\" alt=\"\" srcset=\"https:\/\/parafiadrohiczyn.pl\/wp-content\/uploads\/2021\/03\/32972184_2183948951622751_50933287018823680_o-300x300.jpg 300w, https:\/\/parafiadrohiczyn.pl\/wp-content\/uploads\/2021\/03\/32972184_2183948951622751_50933287018823680_o-1024x1024.jpg 1024w, https:\/\/parafiadrohiczyn.pl\/wp-content\/uploads\/2021\/03\/32972184_2183948951622751_50933287018823680_o-150x150.jpg 150w, https:\/\/parafiadrohiczyn.pl\/wp-content\/uploads\/2021\/03\/32972184_2183948951622751_50933287018823680_o-768x768.jpg 768w, https:\/\/parafiadrohiczyn.pl\/wp-content\/uploads\/2021\/03\/32972184_2183948951622751_50933287018823680_o-624x624.jpg 624w, https:\/\/parafiadrohiczyn.pl\/wp-content\/uploads\/2021\/03\/32972184_2183948951622751_50933287018823680_o.jpg 1375w\" sizes=\"auto, (max-width: 300px) 100vw, 300px\" \/><\/a> <a class=\"title\" href=\"https:\/\/parafiadrohiczyn.pl\/index.php\/2026\/02\/17\/intencje-mszalne-16-22-02-2026-r\/\">Intencje mszalne 16-22.02.2026 r.<\/a> <span class=\"date\">17 lutego, 2026<\/span> <span class=\"excerpt-dash\">-<\/span> <span class=\"excerpt\">DZIE\u0143 GODZINA INTENCJE Poniedzia\u0142ek 16 lutegogodz. 7.00 k. pofranciszka\u0144ski 1\/&nbsp;za + Mieczys\u0142awa Mi\u0142kowskiego greg. -&nbsp;ks. Mariangodz. 7.00 ss. Bened. 1\/&hellip; <span class=\"excerpt-more\"><\/span><\/span><\/div><div class=\"listing-item\"><a class=\"image\" href=\"https:\/\/parafiadrohiczyn.pl\/index.php\/2026\/02\/15\/6-niedziela-zwykla-4\/\"><img loading=\"lazy\" decoding=\"async\" width=\"300\" height=\"300\" src=\"https:\/\/parafiadrohiczyn.pl\/wp-content\/uploads\/2021\/03\/34755247_2212006538816992_8989540118746365952_o-300x300.jpg\" class=\"attachment-medium size-medium wp-post-image\" alt=\"\" srcset=\"https:\/\/parafiadrohiczyn.pl\/wp-content\/uploads\/2021\/03\/34755247_2212006538816992_8989540118746365952_o-300x300.jpg 300w, https:\/\/parafiadrohiczyn.pl\/wp-content\/uploads\/2021\/03\/34755247_2212006538816992_8989540118746365952_o-1024x1024.jpg 1024w, https:\/\/parafiadrohiczyn.pl\/wp-content\/uploads\/2021\/03\/34755247_2212006538816992_8989540118746365952_o-150x150.jpg 150w, https:\/\/parafiadrohiczyn.pl\/wp-content\/uploads\/2021\/03\/34755247_2212006538816992_8989540118746365952_o-768x768.jpg 768w, https:\/\/parafiadrohiczyn.pl\/wp-content\/uploads\/2021\/03\/34755247_2212006538816992_8989540118746365952_o-1536x1536.jpg 1536w, https:\/\/parafiadrohiczyn.pl\/wp-content\/uploads\/2021\/03\/34755247_2212006538816992_8989540118746365952_o-624x624.jpg 624w, https:\/\/parafiadrohiczyn.pl\/wp-content\/uploads\/2021\/03\/34755247_2212006538816992_8989540118746365952_o.jpg 1638w\" sizes=\"auto, (max-width: 300px) 100vw, 300px\" \/><\/a> <a class=\"title\" href=\"https:\/\/parafiadrohiczyn.pl\/index.php\/2026\/02\/15\/6-niedziela-zwykla-4\/\">6 Niedziela Zwyk\u0142a<\/a> <span class=\"date\">15 lutego, 2026<\/span> <span class=\"excerpt-dash\">-<\/span> <span class=\"excerpt\">Dzisiaj go\u015bcimy w naszej parafii przedstawicieli Zespo\u0142u Ludowego Tarnopolska Ruta\u00a0 z Tarnopola na Ukrainie. Zesp\u00f3\u0142 chce wspom\u00f3c sierociniec w Tarnopolu.\u00a0W&hellip; <span class=\"excerpt-more\"><\/span><\/span><\/div><div class=\"listing-item\"><a class=\"image\" href=\"https:\/\/parafiadrohiczyn.pl\/index.php\/2026\/02\/02\/intencje-mszalne-2-8-02-2026-r\/\"><img loading=\"lazy\" decoding=\"async\" width=\"300\" height=\"300\" src=\"https:\/\/parafiadrohiczyn.pl\/wp-content\/uploads\/2021\/03\/32972184_2183948951622751_50933287018823680_o-300x300.jpg\" class=\"attachment-medium size-medium wp-post-image\" alt=\"\" srcset=\"https:\/\/parafiadrohiczyn.pl\/wp-content\/uploads\/2021\/03\/32972184_2183948951622751_50933287018823680_o-300x300.jpg 300w, https:\/\/parafiadrohiczyn.pl\/wp-content\/uploads\/2021\/03\/32972184_2183948951622751_50933287018823680_o-1024x1024.jpg 1024w, https:\/\/parafiadrohiczyn.pl\/wp-content\/uploads\/2021\/03\/32972184_2183948951622751_50933287018823680_o-150x150.jpg 150w, https:\/\/parafiadrohiczyn.pl\/wp-content\/uploads\/2021\/03\/32972184_2183948951622751_50933287018823680_o-768x768.jpg 768w, https:\/\/parafiadrohiczyn.pl\/wp-content\/uploads\/2021\/03\/32972184_2183948951622751_50933287018823680_o-624x624.jpg 624w, https:\/\/parafiadrohiczyn.pl\/wp-content\/uploads\/2021\/03\/32972184_2183948951622751_50933287018823680_o.jpg 1375w\" sizes=\"auto, (max-width: 300px) 100vw, 300px\" \/><\/a> <a class=\"title\" href=\"https:\/\/parafiadrohiczyn.pl\/index.php\/2026\/02\/02\/intencje-mszalne-2-8-02-2026-r\/\">Intencje mszalne 2-8.02.2026 r.<\/a> <span class=\"date\">02 lutego, 2026<\/span> <span class=\"excerpt-dash\">-<\/span> <span class=\"excerpt\">DZIE\u0143 GODZINA INTENCJE Poniedzia\u0142ek 2 lutegogodz. 7.00 k. pofranciszka\u0144ski 1\/ za + Mieczys\u0142awa Mi\u0142kowskiego greg. - ks. MarianW kaplicy si\u00f3str&hellip; <span class=\"excerpt-more\"><\/span><\/span><\/div><\/div>\n\n\n\n<div class=\"wp-block-cover alignwide is-light is-position-center-center\" style=\"min-height:180px;aspect-ratio:unset;\"><span aria-hidden=\"true\" class=\"wp-block-cover__background has-background-dim-100 has-background-dim has-background-gradient\" style=\"background:linear-gradient(135deg,rgb(249,72,72) 1%,rgb(179,22,22) 100%)\"><\/span><div class=\"wp-block-cover__inner-container is-layout-flow wp-block-cover-is-layout-flow\">\n<div class=\"wp-block-columns alignwide is-layout-flex wp-container-core-columns-is-layout-9d6595d7 wp-block-columns-is-layout-flex\">\n<div class=\"wp-block-column is-layout-flow wp-block-column-is-layout-flow\" style=\"flex-basis:5%\">\n<div aria-hidden=\"true\" class=\"wp-block-spacer\"><\/div>\n<\/div>\n\n\n\n<div class=\"wp-block-column is-layout-flow wp-block-column-is-layout-flow\">\n<div style=\"height:10px\" aria-hidden=\"true\" class=\"wp-block-spacer\"><\/div>\n\n\n\n<p class=\"has-text-align-left has-text-color\" style=\"color:#fffffa;font-size:30px;line-height:1.2\"><strong>Transmisje na \u017cywo<\/strong><\/p>\n\n\n\n<div class=\"wp-block-buttons is-layout-flex wp-block-buttons-is-layout-flex\">\n<div class=\"wp-block-button is-style-fill\"><a class=\"wp-block-button__link has-text-color has-background wp-element-button\" href=\"https:\/\/www.youtube.com\/channel\/UC7QBCrSDRxTwFK8YMGMlm0g\" style=\"border-radius:3px;color:#00000a;background-color:#fffffa\" target=\"_blank\" rel=\"noreferrer noopener\">YouTube<\/a><\/div>\n<\/div>\n<\/div>\n\n\n\n<div class=\"wp-block-column is-layout-flow wp-block-column-is-layout-flow\" style=\"flex-basis:5%\">\n<div style=\"height:10px\" aria-hidden=\"true\" class=\"wp-block-spacer\"><\/div>\n<\/div>\n<\/div>\n<\/div><\/div>\n<\/div>\n<\/div>\n<\/div>\n<\/div>\n\n\n\n<hr class=\"wp-block-separator has-alpha-channel-opacity\"\/>\n\n\n<div class=\"wp-block-image\">\n<figure class=\"alignleft size-large is-resized\"><img loading=\"lazy\" decoding=\"async\" width=\"705\" height=\"470\" src=\"\/wp-content\/uploads\/2021\/01\/Katedra_w_Drohiczynie-705x470-1.jpg\" alt=\"\" class=\"wp-image-23\" style=\"width:350px\" srcset=\"https:\/\/parafiadrohiczyn.pl\/wp-content\/uploads\/2021\/01\/Katedra_w_Drohiczynie-705x470-1.jpg 705w, https:\/\/parafiadrohiczyn.pl\/wp-content\/uploads\/2021\/01\/Katedra_w_Drohiczynie-705x470-1-300x200.jpg 300w, https:\/\/parafiadrohiczyn.pl\/wp-content\/uploads\/2021\/01\/Katedra_w_Drohiczynie-705x470-1-624x416.jpg 624w\" sizes=\"auto, (max-width: 705px) 100vw, 705px\" \/><\/figure>\n<\/div>\n\n\n<p class=\"has-drop-cap has-text-align-left\">Ko\u015bci\u00f3\u0142 Tr\u00f3jcy Przenaj\u015bwi\u0119tszej (Katedra) i klasztor pojezuicki \u015awi\u0105tynia rzymskokatolicka mog\u0142a istnie\u0107 w Drohiczynie ju\u017c w II po\u0142owie XIII w., poniewa\u017c Konrad I (ok. 1187-1247), ksi\u0105\u017c\u0119 mazowiecki i krakowski (1229-1230; 1241-1243), aktem z dnia 8 marca 1237 roku osadzi\u0142 na zamku rycerski Zakon Braci Dobrzy\u0144skich (1237-1238). Przypuszczalnie w\u00f3wczas zbudowali oni pierwszy ko\u015bci\u00f3\u0142, kt\u00f3ry w 1241 roku zosta\u0142 zniszczony w czasie najazdu Daniela Romanowicza (ok. 1201-1264), ksi\u0119cia halicko-w\u0142odzimierskiego (1239-1264) na Polsk\u0119 i W\u0119gry. W 1247 roku ksi\u0105\u017c\u0119 nawi\u0105za\u0142 kontakty z papie\u017cem Innocentym IV (1243-1254), kt\u00f3ry obiecywa\u0142 wzi\u0105\u0107 w protekcj\u0119 ksi\u0119stwo Daniela i jego brata Wasylka (ok. 1203 &#8211; ok. 1269), ksi\u0119cia w\u0142odzimierskiego (1230-1269). Zdaniem niekt\u00f3rych w tym\u017ce roku ksi\u0105\u017c\u0119 Daniel z\u0142o\u017cy\u0142 wyznanie wiary, &#8230;  <a href=\"https:\/\/parafiadrohiczyn.pl\/index.php\/o-parafii\/rys-historyczny\/\" data-type=\"URL\" data-id=\"https:\/\/parafiadrohiczyn.pl\/index.php\/o-parafii\/rys-historyczny\/\">Czytaj wi\u0119cej&#8230;<\/a><\/p>\n\n\n\n<hr class=\"wp-block-separator has-css-opacity is-style-default\"\/>\n\n\n\n<blockquote class=\"wp-block-quote has-text-align-center is-style-default is-layout-flow wp-block-quote-is-layout-flow\">\n<p>PRZYJD\u0179CIE DO MNIE WSZYSCY, KT\u00d3RZY UTRUDZENI I OBCI\u0104\u017bENI JESTE\u015aCIE, A JA WAS POKRZEPI\u0118<\/p>\n<cite><em><strong>MT 11, 28-30<\/strong><\/em><\/cite><\/blockquote>\n\n\n\n<hr class=\"wp-block-separator has-css-opacity is-style-default\"\/>\n\n\n\n<div class=\"wp-block-columns is-layout-flex wp-container-core-columns-is-layout-9d6595d7 wp-block-columns-is-layout-flex\">\n<div class=\"wp-block-column is-layout-flow wp-block-column-is-layout-flow\" style=\"flex-basis:100%\">\n\n<\/div>\n<\/div>\n\n\n\n<div class=\"display-posts-in-box grid\">\n   <div class=\"listing-item\">\n      <a class=\"image\" href=\"\/index.php\/o-parafii\/\"><img decoding=\"async\" width=\"300\" height=\"225\" src=\"\/wp-content\/uploads\/2021\/03\/Drohiczyn_Kosciol_Benedyktynek-300x223.jpg\" class=\"attachment-medium size-medium wp-post-image\" alt=\"\" loading=\"lazy\" srcset=\"\/wp-content\/uploads\/2021\/03\/Drohiczyn_Kosciol_Benedyktynek-300x223.jpg 300w, \/wp-content\/uploads\/2021\/03\/Drohiczyn_Kosciol_Benedyktynek-300x223.jpg 475w\" sizes=\"auto, (max-width: 300px) 100vw, 300px\"><\/a> <a class=\"title\" href=\"\/index.php\/o-parafii\/\">O naszej Pafarii<\/a>\n      <div data-border-width=\"1px\" class=\"line-item-hr\"><\/div>\n      <span class=\"excerpt-dash\">&#8211;<\/span> <span class=\"excerpt\">Ko\u015bci\u00f3\u0142 Tr\u00f3jcy Przenaj\u015bwi\u0119tszej (Katedra) i klasztor pojezuicki \u015awi\u0105tynia rzymskokatolicka mog\u0142a istnie\u0107 w Drohiczynie ju\u017c w II po\u0142owie XIII w. <a class=\"excerpt-more\" href=\"\/index.php\/o-parafii\/\">Czytaj wi\u0119cej&#8230;<\/a><\/span>\n   <\/div>\n   <div class=\"listing-item\">\n      <a class=\"image\" href=\"\/index.php\/o-parafii\/msze-swiete\/\"><img decoding=\"async\" width=\"300\" height=\"223\" src=\"\/wp-content\/uploads\/2021\/01\/6-300x225.jpg\" class=\"attachment-medium size-medium wp-post-image\" alt=\"\" loading=\"lazy\" srcset=\"\/wp-content\/uploads\/2021\/01\/6-300x225.jpg 300w, \/wp-content\/uploads\/2021\/01\/6-300x225.jpg \/wp-content\/uploads\/2021\/01\/6-300x225.jpg 624w, \/wp-content\/uploads\/2021\/01\/6-300x225.jpg 800w\" sizes=\"auto, (max-width: 300px) 100w, 300px\"><\/a> <a class=\"title\" href=\"\/index.php\/o-parafii\/msze-swiete\/\">Msze \u015awi\u0119te<\/a>\n      <div data-border-width=\"1px\" class=\"line-item-hr\"><\/div>\n      <span class=\"excerpt-dash\">&#8211;<\/span> <span class=\"excerpt\">Do parafii nale\u017c\u0105: Bujaki, Chro\u0142owice, Chutkowice, Drohiczyn, Klekotowo, K\u0142yz\u00f3wka, Koczery, Lisowo \u2013 Jan\u00f3wek, Minczewo, Ogrodniki, Runice, Sady, Siniewice, Sytki, Tonkiele, W\u00f3lka Zamkowa, Zaj\u0119czniki. <a class=\"excerpt-more\" href=\"\/index.php\/o-parafii\/msze-swiete\/\">Czytaj wi\u0119cej&#8230;<\/a><\/span>\n   <\/div>\n   <div class=\"listing-item\">\n      <a class=\"image\" href=\"https:\/\/parafiadrohiczyn.pl\/?p=281\"><img decoding=\"async\" width=\"300\" height=\"223\" src=\"\/wp-content\/uploads\/2021\/03\/59695235_1562042677260938_4158477994156883968_o-e1616110069551.jpg\" class=\"attachment-medium size-medium wp-post-image\" alt=\"\" loading=\"lazy\" srcset=\"\/wp-content\/uploads\/2021\/03\/59695235_1562042677260938_4158477994156883968_o-e1616110069551.jpg 300w, \/wp-content\/uploads\/2021\/03\/59695235_1562042677260938_4158477994156883968_o-e1616110069551.jpg 447w\" sizes=\"auto, (max-width: 300px) 100vw, 300px\"><\/a> <a class=\"title\" href=\"https:\/\/parafiadrohiczyn.pl\/?p=281\">Msza Trydencka<\/a>\n      <div data-border-width=\"1px\" class=\"line-item-hr\"><\/div>\n      <span class=\"excerpt-dash\">&#8211;<\/span> <span class=\"excerpt\">W ka\u017cd\u0105 pierwsz\u0105 niedziel\u0119 miesi\u0105ca o godz. 15:00 w ko\u015bciele pofranciszka\u0144skim jest sprawowana Msza \u015awi\u0119ta w Nadzwyczajnej formie rytu rzymskiego. <a class=\"excerpt-more\" href=\"https:\/\/parafiadrohiczyn.pl\/?p=281\">Czytaj wi\u0119cej&#8230;<\/a><\/span>\n   <\/div>\n<\/div>\n\n\n\n<p><\/p>\n","protected":false},"excerpt":{"rendered":"<p>Ko\u015bci\u00f3\u0142 Tr\u00f3jcy Przenaj\u015bwi\u0119tszej (Katedra) i klasztor pojezuicki \u015awi\u0105tynia rzymskokatolicka mog\u0142a istnie\u0107 w Drohiczynie ju\u017c w II po\u0142owie XIII w., poniewa\u017c Konrad I (ok. 1187-1247), ksi\u0105\u017c\u0119 mazowiecki i krakowski (1229-1230; 1241-1243), aktem z dnia 8 marca 1237 roku osadzi\u0142 na zamku rycerski Zakon Braci Dobrzy\u0144skich (1237-1238). Przypuszczalnie w\u00f3wczas zbudowali oni pierwszy ko\u015bci\u00f3\u0142, kt\u00f3ry w 1241 roku [&hellip;]<\/p>\n","protected":false},"author":1,"featured_media":0,"parent":0,"menu_order":0,"comment_status":"closed","ping_status":"closed","template":"page-templates\/full-width.php","meta":{"footnotes":""},"class_list":["post-230","page","type-page","status-publish","hentry"],"_links":{"self":[{"href":"https:\/\/parafiadrohiczyn.pl\/index.php\/wp-json\/wp\/v2\/pages\/230","targetHints":{"allow":["GET"]}}],"collection":[{"href":"https:\/\/parafiadrohiczyn.pl\/index.php\/wp-json\/wp\/v2\/pages"}],"about":[{"href":"https:\/\/parafiadrohiczyn.pl\/index.php\/wp-json\/wp\/v2\/types\/page"}],"author":[{"embeddable":true,"href":"https:\/\/parafiadrohiczyn.pl\/index.php\/wp-json\/wp\/v2\/users\/1"}],"replies":[{"embeddable":true,"href":"https:\/\/parafiadrohiczyn.pl\/index.php\/wp-json\/wp\/v2\/comments?post=230"}],"version-history":[{"count":55,"href":"https:\/\/parafiadrohiczyn.pl\/index.php\/wp-json\/wp\/v2\/pages\/230\/revisions"}],"predecessor-version":[{"id":2140,"href":"https:\/\/parafiadrohiczyn.pl\/index.php\/wp-json\/wp\/v2\/pages\/230\/revisions\/2140"}],"wp:attachment":[{"href":"https:\/\/parafiadrohiczyn.pl\/index.php\/wp-json\/wp\/v2\/media?parent=230"}],"curies":[{"name":"wp","href":"https:\/\/api.w.org\/{rel}","templated":true}]}}